{"id":11914,"date":"2021-04-29T10:10:31","date_gmt":"2021-04-29T08:10:31","guid":{"rendered":"https:\/\/dk360.de\/2021\/?page_id=11914"},"modified":"2022-02-17T07:33:25","modified_gmt":"2022-02-17T06:33:25","slug":"agb","status":"publish","type":"page","link":"https:\/\/dk360.de\/en\/agb\/","title":{"rendered":"AGB"},"content":{"rendered":"\t\t<div data-elementor-type=\"wp-page\" data-elementor-id=\"11914\" class=\"elementor elementor-11914 elementor-9621\" data-elementor-post-type=\"page\">\n\t\t\t\t\t\t<section class=\"ob-is-breaking-bad elementor-section elementor-top-section elementor-element elementor-element-c908673 elementor-section-boxed elementor-section-height-default elementor-section-height-default\" data-id=\"c908673\" data-element_type=\"section\" data-e-type=\"section\" data-settings=\"{&quot;jet_parallax_layout_list&quot;:[{&quot;jet_parallax_layout_image&quot;:{&quot;url&quot;:&quot;&quot;,&quot;id&quot;:&quot;&quot;,&quot;size&quot;:&quot;&quot;},&quot;_id&quot;:&quot;e5a6d6d&quot;,&quot;jet_parallax_layout_image_laptop&quot;:{&quot;url&quot;:&quot;&quot;,&quot;id&quot;:&quot;&quot;,&quot;size&quot;:&quot;&quot;},&quot;jet_parallax_layout_image_tablet&quot;:{&quot;url&quot;:&quot;&quot;,&quot;id&quot;:&quot;&quot;,&quot;size&quot;:&quot;&quot;},&quot;jet_parallax_layout_image_mobile&quot;:{&quot;url&quot;:&quot;&quot;,&quot;id&quot;:&quot;&quot;,&quot;size&quot;:&quot;&quot;},&quot;jet_parallax_layout_speed&quot;:{&quot;unit&quot;:&quot;%&quot;,&quot;size&quot;:50,&quot;sizes&quot;:[]},&quot;jet_parallax_layout_type&quot;:&quot;scroll&quot;,&quot;jet_parallax_layout_direction&quot;:&quot;1&quot;,&quot;jet_parallax_layout_fx_direction&quot;:null,&quot;jet_parallax_layout_z_index&quot;:&quot;&quot;,&quot;jet_parallax_layout_bg_x&quot;:50,&quot;jet_parallax_layout_bg_x_laptop&quot;:&quot;&quot;,&quot;jet_parallax_layout_bg_x_tablet&quot;:&quot;&quot;,&quot;jet_parallax_layout_bg_x_mobile&quot;:&quot;&quot;,&quot;jet_parallax_layout_bg_y&quot;:50,&quot;jet_parallax_layout_bg_y_laptop&quot;:&quot;&quot;,&quot;jet_parallax_layout_bg_y_tablet&quot;:&quot;&quot;,&quot;jet_parallax_layout_bg_y_mobile&quot;:&quot;&quot;,&quot;jet_parallax_layout_bg_size&quot;:&quot;auto&quot;,&quot;jet_parallax_layout_bg_size_laptop&quot;:&quot;&quot;,&quot;jet_parallax_layout_bg_size_tablet&quot;:&quot;&quot;,&quot;jet_parallax_layout_bg_size_mobile&quot;:&quot;&quot;,&quot;jet_parallax_layout_animation_prop&quot;:&quot;transform&quot;,&quot;jet_parallax_layout_on&quot;:[&quot;desktop&quot;,&quot;tablet&quot;]}],&quot;_ob_bbad_use_it&quot;:&quot;yes&quot;,&quot;_ob_bbad_sssic_use&quot;:&quot;no&quot;,&quot;_ob_glider_is_slider&quot;:&quot;no&quot;}\">\n\t\t\t\t\t\t<div class=\"elementor-container elementor-column-gap-default\">\n\t\t\t\t\t<div class=\"elementor-column elementor-col-100 elementor-top-column elementor-element elementor-element-e9e0f9f\" data-id=\"e9e0f9f\" data-element_type=\"column\" data-e-type=\"column\" data-settings=\"{&quot;_ob_bbad_is_stalker&quot;:&quot;no&quot;,&quot;_ob_teleporter_use&quot;:false,&quot;_ob_column_hoveranimator&quot;:&quot;no&quot;,&quot;_ob_column_has_pseudo&quot;:&quot;no&quot;}\">\n\t\t\t<div class=\"elementor-widget-wrap elementor-element-populated\">\n\t\t\t\t\t\t<div class=\"elementor-element elementor-element-9074b17 ob-harakiri-inherit ob-has-background-overlay elementor-widget elementor-widget-text-editor\" data-id=\"9074b17\" data-element_type=\"widget\" data-e-type=\"widget\" data-settings=\"{&quot;_ob_use_harakiri&quot;:&quot;yes&quot;,&quot;_ob_harakiri_writing_mode&quot;:&quot;inherit&quot;,&quot;_ob_postman_use&quot;:&quot;no&quot;,&quot;_ob_perspektive_use&quot;:&quot;no&quot;,&quot;_ob_poopart_use&quot;:&quot;yes&quot;,&quot;_ob_shadough_use&quot;:&quot;no&quot;,&quot;_ob_allow_hoveranimator&quot;:&quot;no&quot;,&quot;_ob_widget_stalker_use&quot;:&quot;no&quot;}\" data-widget_type=\"text-editor.default\">\n\t\t\t\t<div class=\"elementor-widget-container\">\n\t\t\t\t\t\t\t\t\t<h2>Unsere allgemeinen Gesch\u00e4ftsbedingungen<\/h2><h3>\u00a7 1 Weitergabeverbot<\/h3><p>S\u00e4mtliche Informationen einschlie\u00dflich der Objektnachweise der D.K Real Estate GmbH sind ausschlie\u00dflich f\u00fcr den Kunden bestimmt. Diesem ist es ausdr\u00fccklich untersagt, die Objektnachweise und Objektinformationen ohne ausdr\u00fcckliche Zustimmung der D.K Real Estate GmbH, die zuvor schriftlich erteilt werden muss, an Dritte weiterzugeben. Verst\u00f6\u00dft der Kunde gegen diese Verpflichtung und schlie\u00dft der Dritte oder andere Person, an die der Dritte seinerseits die Informationen weitergegeben hat, den Hauptvertrag ab, so ist der Kunde verpflichtet, der D.K Real Estate die mit ihm vereinbarte Provision zuz\u00fcglich Mehrwertsteuer zu entrichten.<\/p><h3>\u00a7 2 Doppelt\u00e4tigkeit<\/h3><p>Die D.K Real Estate GmbH darf sowohl f\u00fcr den Verk\u00e4ufer als auch f\u00fcr den K\u00e4ufer t\u00e4tig werden.<\/p><h3>\u00a7 3 Eigent\u00fcmerangaben<\/h3><p>Die D.K Real Estate GmbH weist darauf hin, dass die von Ihm weitergegebenen Objektinformationen vom Verk\u00e4ufer bzw. von einem vom Verk\u00e4ufer beauftragten Dritten stammen und von Ihr,<br \/>der D.K Real Estate GmbH, auf ihre Richtigkeit nicht \u00fcberpr\u00fcft worden sind. Es ist Sache des Kunden, diese Angaben auf Ihre Richtigkeit hin zu \u00fcberpr\u00fcfen. Die D.K Real Estate GmbH, die diese<br \/>Informationen nur weitergibt, \u00fcbernimmt f\u00fcr die Richtigkeit keinerlei Haftung.<\/p><h3>\u00a7 4 Haftungsbegrenzung<\/h3><p>Die Haftung der D.K Real Estate GmbH wird auf grob fahrl\u00e4ssiges oder vors\u00e4tzliches Verhalten begrenzt, soweit der Kunde durch das Verhalten der D.K Real Estate GmbH keinen k\u00f6rperlichen Schaden erleidet oder sein Leben verliert.<\/p><h3>\u00a75 Verj\u00e4hrung<\/h3><p>Die Verj\u00e4hrungsfrist f\u00fcr alle Schadenersatzanspr\u00fcche des Kunden gegen die D.K Real Estate GmbH betr\u00e4gt 3 Jahre. Sie beginnt mit dem Zeitpunkt, in dem die die Schadenersatzverpflichtung<br \/>ausl\u00f6sende Handlung begangen worden ist. Sollten die gesetzlichen Verj\u00e4hrungsregelungen in Einzelfall f\u00fcr die D.K Real Estate GmbH zu einer k\u00fcrzeren Verj\u00e4hrung f\u00fchren, gelten diese.<\/p><h3>\u00a7 6 Gerichtsstand<\/h3><p>Sind Firma und Kunde Kaufleute im Sinne des Handelsgesetzbuches, so ist als Erf\u00fcllungsort f\u00fcr alle aus dem Vertragsverh\u00e4ltnis herr\u00fchrenden Verpflichtungen und Anspr\u00fcche und als Gerichtsstand der Firmensitz der D.K Real Estate GmbH vereinbart.<\/p><h3>\u00a7 7 Salvatorische Klausel<\/h3><p>Sollte eine oder mehrere der vorstehenden ung\u00fcltig sein, so soll die Wirksamkeit der \u00fcbrigen Bestimmungen hiervon nicht ber\u00fchrt werden. Dies gilt auch, wenn innerhalb einer Regelung ein Teil<br \/>unwirksam ist, ein anderer Teil aber wirksam. Die jeweils unwirksame Bestimmung soll zwischen den Parteien durch eine Regelung ersetzt werden, die den wirtschaftlichen Interessen der<br \/>Vertragsparteien am n\u00e4chsten kommt und im \u00dcbrigen den vertraglichen Vereinbarungen nicht zuwiderl\u00e4uft. Die nachfolgende Widerrufsbelehrung gilt nur f\u00fcr Verbraucher also nur solche, denen<br \/>das Immobiliengesch\u00e4ft nicht f\u00fcr deren gewerblichen oder selbstst\u00e4ndigen beruflichen T\u00e4tigkeit dient. F\u00fcr unseren Nachweis und\/oder Vermittlung erhalten wir von Ihnen bei erfolgtem Abschluss eines Kaufvertrages eine Courtage in H\u00f6he von 7,14% vom effektiven Kaufpreis. Bitte beachten Sie unsere beigef\u00fcgten AGB und die Widerrufsbelehrung.<\/p>\t\t\t\t\t\t\t\t<\/div>\n\t\t\t\t<\/div>\n\t\t\t\t\t<\/div>\n\t\t<\/div>\n\t\t\t\t\t<\/div>\n\t\t<\/section>\n\t\t\t\t<\/div>\n\t\t","protected":false},"excerpt":{"rendered":"<p>Unsere allgemeinen Gesch\u00e4ftsbedingungen \u00a7 1 Weitergabeverbot S\u00e4mtliche Informationen einschlie\u00dflich der Objektnachweise der D.K Real Estate GmbH sind ausschlie\u00dflich f\u00fcr den Kunden bestimmt. Diesem ist es ausdr\u00fccklich untersagt, die Objektnachweise und Objektinformationen ohne ausdr\u00fcckliche Zustimmung der D.K Real Estate GmbH, die zuvor schriftlich erteilt werden muss, an Dritte weiterzugeben. Verst\u00f6\u00dft der Kunde gegen diese Verpflichtung und [&hellip;]<\/p>\n","protected":false},"author":4,"featured_media":0,"parent":0,"menu_order":0,"comment_status":"closed","ping_status":"closed","template":"","meta":{"site-sidebar-layout":"no-sidebar","site-content-layout":"page-builder","ast-site-content-layout":"default","site-content-style":"default","site-sidebar-style":"default","ast-global-header-display":"","ast-banner-title-visibility":"","ast-main-header-display":"","ast-hfb-above-header-display":"","ast-hfb-below-header-display":"","ast-hfb-mobile-header-display":"","site-post-title":"disabled","ast-breadcrumbs-content":"","ast-featured-img":"disabled","footer-sml-layout":"","ast-disable-related-posts":"","theme-transparent-header-meta":"default","adv-header-id-meta":"","stick-header-meta":"","header-above-stick-meta":"","header-main-stick-meta":"","header-below-stick-meta":"","astra-migrate-meta-layouts":"default","ast-page-background-enabled":"default","ast-page-background-meta":{"desktop":{"background-color":"","background-image":"","background-repeat":"repeat","background-position":"center center","background-size":"auto","background-attachment":"scroll","background-type":"","background-media":"","overlay-type":"","overlay-color":"","overlay-opacity":"","overlay-gradient":""},"tablet":{"background-color":"","background-image":"","background-repeat":"repeat","background-position":"center center","background-size":"auto","background-attachment":"scroll","background-type":"","background-media":"","overlay-type":"","overlay-color":"","overlay-opacity":"","overlay-gradient":""},"mobile":{"background-color":"","background-image":"","background-repeat":"repeat","background-position":"center center","background-size":"auto","background-attachment":"scroll","background-type":"","background-media":"","overlay-type":"","overlay-color":"","overlay-opacity":"","overlay-gradient":""}},"ast-content-background-meta":{"desktop":{"background-color":"var(--ast-global-color-5)","background-image":"","background-repeat":"repeat","background-position":"center center","background-size":"auto","background-attachment":"scroll","background-type":"","background-media":"","overlay-type":"","overlay-color":"","overlay-opacity":"","overlay-gradient":""},"tablet":{"background-color":"var(--ast-global-color-5)","background-image":"","background-repeat":"repeat","background-position":"center center","background-size":"auto","background-attachment":"scroll","background-type":"","background-media":"","overlay-type":"","overlay-color":"","overlay-opacity":"","overlay-gradient":""},"mobile":{"background-color":"var(--ast-global-color-5)","background-image":"","background-repeat":"repeat","background-position":"center center","background-size":"auto","background-attachment":"scroll","background-type":"","background-media":"","overlay-type":"","overlay-color":"","overlay-opacity":"","overlay-gradient":""}},"footnotes":""},"class_list":["post-11914","page","type-page","status-publish","hentry"],"_links":{"self":[{"href":"https:\/\/dk360.de\/en\/wp-json\/wp\/v2\/pages\/11914","targetHints":{"allow":["GET"]}}],"collection":[{"href":"https:\/\/dk360.de\/en\/wp-json\/wp\/v2\/pages"}],"about":[{"href":"https:\/\/dk360.de\/en\/wp-json\/wp\/v2\/types\/page"}],"author":[{"embeddable":true,"href":"https:\/\/dk360.de\/en\/wp-json\/wp\/v2\/users\/4"}],"replies":[{"embeddable":true,"href":"https:\/\/dk360.de\/en\/wp-json\/wp\/v2\/comments?post=11914"}],"version-history":[{"count":0,"href":"https:\/\/dk360.de\/en\/wp-json\/wp\/v2\/pages\/11914\/revisions"}],"wp:attachment":[{"href":"https:\/\/dk360.de\/en\/wp-json\/wp\/v2\/media?parent=11914"}],"curies":[{"name":"wp","href":"https:\/\/api.w.org\/{rel}","templated":true}]}}